{"id":13470,"date":"2020-04-27T10:55:42","date_gmt":"2020-04-27T06:55:42","guid":{"rendered":"http:\/\/sri.re\/boutique\/?post_type=product&#038;p=13470"},"modified":"2024-01-26T11:14:16","modified_gmt":"2024-01-26T07:14:16","slug":"lenovo-thinkcentre-m720t-tour-10sq002bfr","status":"publish","type":"product","link":"https:\/\/sri.re\/boutique\/boutique\/lenovo-thinkcentre-m720t-tour-10sq002bfr\/","title":{"rendered":"Lenovo ThinkCentre M720t Tour (10SQ002BFR)"},"content":{"rendered":"<p><img fetchpriority=\"high\" decoding=\"async\" class=\"alignnone size-medium wp-image-13471\" src=\"https:\/\/sri.re\/boutique\/wp-content\/uploads\/2020\/04\/len1-300x300.jpg\" alt=\"\" width=\"300\" height=\"300\" srcset=\"https:\/\/sri.re\/boutique\/wp-content\/uploads\/2020\/04\/len1-300x300.jpg 300w, https:\/\/sri.re\/boutique\/wp-content\/uploads\/2020\/04\/len1-150x150.jpg 150w, https:\/\/sri.re\/boutique\/wp-content\/uploads\/2020\/04\/len1-100x100.jpg 100w, https:\/\/sri.re\/boutique\/wp-content\/uploads\/2020\/04\/len1.jpg 550w\" sizes=\"(max-width: 300px) 100vw, 300px\" \/> <img decoding=\"async\" class=\"alignnone size-medium wp-image-13472\" src=\"https:\/\/sri.re\/boutique\/wp-content\/uploads\/2020\/04\/len2-300x300.jpg\" alt=\"\" width=\"300\" height=\"300\" srcset=\"https:\/\/sri.re\/boutique\/wp-content\/uploads\/2020\/04\/len2-300x300.jpg 300w, https:\/\/sri.re\/boutique\/wp-content\/uploads\/2020\/04\/len2-150x150.jpg 150w, https:\/\/sri.re\/boutique\/wp-content\/uploads\/2020\/04\/len2-100x100.jpg 100w, https:\/\/sri.re\/boutique\/wp-content\/uploads\/2020\/04\/len2.jpg 550w\" sizes=\"(max-width: 300px) 100vw, 300px\" \/> <img decoding=\"async\" class=\"alignnone size-medium wp-image-13473\" src=\"https:\/\/sri.re\/boutique\/wp-content\/uploads\/2020\/04\/len3-300x300.jpg\" alt=\"\" width=\"300\" height=\"300\" srcset=\"https:\/\/sri.re\/boutique\/wp-content\/uploads\/2020\/04\/len3-300x300.jpg 300w, https:\/\/sri.re\/boutique\/wp-content\/uploads\/2020\/04\/len3-150x150.jpg 150w, https:\/\/sri.re\/boutique\/wp-content\/uploads\/2020\/04\/len3-100x100.jpg 100w, https:\/\/sri.re\/boutique\/wp-content\/uploads\/2020\/04\/len3.jpg 550w\" sizes=\"(max-width: 300px) 100vw, 300px\" \/> <img loading=\"lazy\" decoding=\"async\" class=\"alignnone size-medium wp-image-13474\" src=\"https:\/\/sri.re\/boutique\/wp-content\/uploads\/2020\/04\/len4-300x300.jpg\" alt=\"\" width=\"300\" height=\"300\" srcset=\"https:\/\/sri.re\/boutique\/wp-content\/uploads\/2020\/04\/len4-300x300.jpg 300w, https:\/\/sri.re\/boutique\/wp-content\/uploads\/2020\/04\/len4-150x150.jpg 150w, https:\/\/sri.re\/boutique\/wp-content\/uploads\/2020\/04\/len4-100x100.jpg 100w, https:\/\/sri.re\/boutique\/wp-content\/uploads\/2020\/04\/len4.jpg 550w\" sizes=\"(max-width: 300px) 100vw, 300px\" \/><\/p>\n<p>&nbsp;<\/p>\n<p><strong><em>Profitez d&rsquo;un v\u00e9ritable ordinateur de bureau professionnel avec ce Lenovo ThinkCentre M720t. Il a \u00e9t\u00e9 pens\u00e9 pour pour favoriser votre productivit\u00e9 et contient des composants ultra performants et une connectique compl\u00e8te facilement accessible. Ce PC met \u00e0 votre disposition un syst\u00e8me de ports s\u00e9curis\u00e9s et offre un acc\u00e8s ais\u00e9 pour connecter des p\u00e9riph\u00e9riques.<\/em><\/strong><\/p>\n<h3>Compacit\u00e9 et efficacit\u00e9 pour les professionnels<\/h3>\n<p>Profitez d&rsquo;un v\u00e9ritable\u00a0<strong>ordinateur de bureau professionnel<\/strong>\u00a0avec ce\u00a0<strong>Lenovo ThinkCentre M720t.<\/strong>\u00a0Il a \u00e9t\u00e9 pens\u00e9 pour pour favoriser votre productivit\u00e9 et contient des composants\u00a0<strong>ultra performants<\/strong>\u00a0et une connectique compl\u00e8te facilement accessible. Ce\u00a0<strong>PC<\/strong>\u00a0met \u00e0 votre disposition un syst\u00e8me de\u00a0<strong>ports ultra s\u00e9curis\u00e9s<\/strong>\u00a0et offre un acc\u00e8s ais\u00e9 pour connecter des p\u00e9riph\u00e9riques.<\/p>\n<div class=\"c-content__text\">\n<h3>Performances pour les professionnels<\/h3>\n<p>Avec un processeur\u00a0<strong>Intel Core i3 de 8e g\u00e9n\u00e9ration<\/strong>, le\u00a0<strong>ThinkCentre M720t<\/strong>\u00a0vous offre la performance dont vous avez besoin au quotidien, mettant en place \u00e9galement un syst\u00e8me ma\u00eetrisant la consommation d&rsquo;energie de votre PC. Le\u00a0<strong>ThinkCentre M720\u00a0<\/strong>b\u00e9n\u00e9ficie d&rsquo;un format avantageux pouvant s&rsquo;int\u00e9grer facilement \u00e0 tous les environnements professionnels. Enfin il vous offre une connectivit\u00e9 compl\u00e8te compatible avec tous les appareils, il dispose d&rsquo;un<strong>\u00a0port USB Type-C<\/strong>\u00a0et de plusieurs ports\u00a0<strong>USB 3.1<\/strong>\u00a0en fa\u00e7ade.<\/p>\n<\/div>\n","protected":false},"excerpt":{"rendered":"<p>Intel Core i3-8100 4 Go 1 To Graveur DVD Windows 10 Professionnel 64 bits<\/p>\n","protected":false},"featured_media":0,"template":"","meta":{"ocean_post_layout":"","ocean_both_sidebars_style":"","ocean_both_sidebars_content_width":0,"ocean_both_sidebars_sidebars_width":0,"ocean_sidebar":"0","ocean_second_sidebar":"0","ocean_disable_margins":"enable","ocean_add_body_class":"","ocean_shortcode_before_top_bar":"","ocean_shortcode_after_top_bar":"","ocean_shortcode_before_header":"","ocean_shortcode_after_header":"","ocean_has_shortcode":"","ocean_shortcode_after_title":"","ocean_shortcode_before_footer_widgets":"","ocean_shortcode_after_footer_widgets":"","ocean_shortcode_before_footer_bottom":"","ocean_shortcode_after_footer_bottom":"","ocean_display_top_bar":"default","ocean_display_header":"default","ocean_header_style":"","ocean_center_header_left_menu":"0","ocean_custom_header_template":"0","ocean_custom_logo":0,"ocean_custom_retina_logo":0,"ocean_custom_logo_max_width":0,"ocean_custom_logo_tablet_max_width":0,"ocean_custom_logo_mobile_max_width":0,"ocean_custom_logo_max_height":0,"ocean_custom_logo_tablet_max_height":0,"ocean_custom_logo_mobile_max_height":0,"ocean_header_custom_menu":"0","ocean_menu_typo_font_family":"0","ocean_menu_typo_font_subset":"","ocean_menu_typo_font_size":0,"ocean_menu_typo_font_size_tablet":0,"ocean_menu_typo_font_size_mobile":0,"ocean_menu_typo_font_size_unit":"px","ocean_menu_typo_font_weight":"","ocean_menu_typo_font_weight_tablet":"","ocean_menu_typo_font_weight_mobile":"","ocean_menu_typo_transform":"","ocean_menu_typo_transform_tablet":"","ocean_menu_typo_transform_mobile":"","ocean_menu_typo_line_height":0,"ocean_menu_typo_line_height_tablet":0,"ocean_menu_typo_line_height_mobile":0,"ocean_menu_typo_line_height_unit":"","ocean_menu_typo_spacing":0,"ocean_menu_typo_spacing_tablet":0,"ocean_menu_typo_spacing_mobile":0,"ocean_menu_typo_spacing_unit":"","ocean_menu_link_color":"","ocean_menu_link_color_hover":"","ocean_menu_link_color_active":"","ocean_menu_link_background":"","ocean_menu_link_hover_background":"","ocean_menu_link_active_background":"","ocean_menu_social_links_bg":"","ocean_menu_social_hover_links_bg":"","ocean_menu_social_links_color":"","ocean_menu_social_hover_links_color":"","ocean_disable_title":"default","ocean_disable_heading":"default","ocean_post_title":"","ocean_post_subheading":"","ocean_post_title_style":"","ocean_post_title_background_color":"","ocean_post_title_background":0,"ocean_post_title_bg_image_position":"","ocean_post_title_bg_image_attachment":"","ocean_post_title_bg_image_repeat":"","ocean_post_title_bg_image_size":"","ocean_post_title_height":0,"ocean_post_title_bg_overlay":0.5,"ocean_post_title_bg_overlay_color":"","ocean_disable_breadcrumbs":"default","ocean_breadcrumbs_color":"","ocean_breadcrumbs_separator_color":"","ocean_breadcrumbs_links_color":"","ocean_breadcrumbs_links_hover_color":"","ocean_display_footer_widgets":"default","ocean_display_footer_bottom":"default","ocean_custom_footer_template":"0"},"product_brand":[],"product_cat":[311,306],"product_tag":[],"class_list":{"0":"post-13470","1":"product","2":"type-product","3":"status-publish","5":"product_cat-ordinateur","6":"product_cat-ordinateur-bureau","8":"entry","10":"first","11":"instock","12":"taxable","13":"shipping-taxable","14":"purchasable","15":"product-type-simple","16":"has-product-nav","17":"col","18":"span_1_of_3","19":"owp-content-center","20":"owp-thumbs-layout-horizontal","21":"owp-btn-normal","22":"owp-tabs-layout-horizontal","23":"has-no-thumbnails"},"aioseo_notices":[],"_links":{"self":[{"href":"https:\/\/sri.re\/boutique\/wp-json\/wp\/v2\/product\/13470","targetHints":{"allow":["GET"]}}],"collection":[{"href":"https:\/\/sri.re\/boutique\/wp-json\/wp\/v2\/product"}],"about":[{"href":"https:\/\/sri.re\/boutique\/wp-json\/wp\/v2\/types\/product"}],"version-history":[{"count":1,"href":"https:\/\/sri.re\/boutique\/wp-json\/wp\/v2\/product\/13470\/revisions"}],"predecessor-version":[{"id":13475,"href":"https:\/\/sri.re\/boutique\/wp-json\/wp\/v2\/product\/13470\/revisions\/13475"}],"wp:attachment":[{"href":"https:\/\/sri.re\/boutique\/wp-json\/wp\/v2\/media?parent=13470"}],"wp:term":[{"taxonomy":"product_brand","embeddable":true,"href":"https:\/\/sri.re\/boutique\/wp-json\/wp\/v2\/product_brand?post=13470"},{"taxonomy":"product_cat","embeddable":true,"href":"https:\/\/sri.re\/boutique\/wp-json\/wp\/v2\/product_cat?post=13470"},{"taxonomy":"product_tag","embeddable":true,"href":"https:\/\/sri.re\/boutique\/wp-json\/wp\/v2\/product_tag?post=13470"}],"curies":[{"name":"wp","href":"https:\/\/api.w.org\/{rel}","templated":true}]}}