{"id":15333,"date":"2020-07-06T19:57:06","date_gmt":"2020-07-06T15:57:06","guid":{"rendered":"http:\/\/sri.re\/boutique\/?post_type=product&#038;p=15333"},"modified":"2024-01-26T11:14:18","modified_gmt":"2024-01-26T07:14:18","slug":"cisco-sg350-20","status":"publish","type":"product","link":"https:\/\/sri.re\/boutique\/boutique\/cisco-sg350-20\/","title":{"rendered":"CISCO SG350-20"},"content":{"rendered":"<h2 class=\"longDgn\">Switch Gigabit manageable Small Business 16 ports Ethernet 10\/100\/1000 Mbit\/s avec 2 ports combo Ethernet Gigabit\/SFP et 2 emplacements SFP<img fetchpriority=\"high\" decoding=\"async\" class=\"alignnone size-medium wp-image-15334\" src=\"https:\/\/sri.re\/boutique\/wp-content\/uploads\/2020\/07\/cisco-300x300.jpg\" alt=\"\" width=\"300\" height=\"300\" srcset=\"https:\/\/sri.re\/boutique\/wp-content\/uploads\/2020\/07\/cisco-300x300.jpg 300w, https:\/\/sri.re\/boutique\/wp-content\/uploads\/2020\/07\/cisco-1024x1024.jpg 1024w, https:\/\/sri.re\/boutique\/wp-content\/uploads\/2020\/07\/cisco-150x150.jpg 150w, https:\/\/sri.re\/boutique\/wp-content\/uploads\/2020\/07\/cisco-768x768.jpg 768w, https:\/\/sri.re\/boutique\/wp-content\/uploads\/2020\/07\/cisco-1536x1536.jpg 1536w, https:\/\/sri.re\/boutique\/wp-content\/uploads\/2020\/07\/cisco-600x600.jpg 600w, https:\/\/sri.re\/boutique\/wp-content\/uploads\/2020\/07\/cisco-100x100.jpg 100w, https:\/\/sri.re\/boutique\/wp-content\/uploads\/2020\/07\/cisco.jpg 1600w\" sizes=\"(max-width: 300px) 100vw, 300px\" \/> <img decoding=\"async\" class=\"alignnone size-medium wp-image-15335\" src=\"https:\/\/sri.re\/boutique\/wp-content\/uploads\/2020\/07\/cisco1-300x300.jpg\" alt=\"\" width=\"300\" height=\"300\" srcset=\"https:\/\/sri.re\/boutique\/wp-content\/uploads\/2020\/07\/cisco1-300x300.jpg 300w, https:\/\/sri.re\/boutique\/wp-content\/uploads\/2020\/07\/cisco1-1024x1024.jpg 1024w, https:\/\/sri.re\/boutique\/wp-content\/uploads\/2020\/07\/cisco1-150x150.jpg 150w, https:\/\/sri.re\/boutique\/wp-content\/uploads\/2020\/07\/cisco1-768x768.jpg 768w, https:\/\/sri.re\/boutique\/wp-content\/uploads\/2020\/07\/cisco1-1536x1536.jpg 1536w, https:\/\/sri.re\/boutique\/wp-content\/uploads\/2020\/07\/cisco1-600x600.jpg 600w, https:\/\/sri.re\/boutique\/wp-content\/uploads\/2020\/07\/cisco1-100x100.jpg 100w, https:\/\/sri.re\/boutique\/wp-content\/uploads\/2020\/07\/cisco1.jpg 1600w\" sizes=\"(max-width: 300px) 100vw, 300px\" \/><\/h2>\n","protected":false},"excerpt":{"rendered":"<h2>Commutateurs administrables Cisco 350<\/h2>\n<p>&nbsp;<\/p>\n<div>Ce\u00a0switch\u00a0<strong>Cisco SG350-20<\/strong>\u00a0permet \u00e0 vos collaborateurs un acc\u00e8s fluide et rapide aux ressources r\u00e9seau de votre entreprise. Il dispose de\u00a0<strong>16 ports Ethernet Gigabit 10\/100\/1000<\/strong>, de deux ports SFP Gigabit\u00a0et de\u00a0deux ports combo Gigabit Ethernet \/\u00a0SFP. Vous pourrez donc b\u00e9n\u00e9ficier d&rsquo;une large bande passante vers votre c\u0153ur de r\u00e9seau gr\u00e2ce aux liaisons montantes Gigabit cuivre ou fibre. Son administration par interface Web rendra son d\u00e9ploiement rapide et sa maintenance ais\u00e9e.\n<\/div>\n<div>\n<h2>De nombreuses applications professionnelles<\/h2>\n<div>La\u00a0<strong>gamme Cisco 350<\/strong>\u00a0est id\u00e9ale dans le cadre du d\u00e9ploiement d&rsquo;un r\u00e9seau performant pour connecter les ordinateurs des employ\u00e9s ou\u00a0pour fournir des services de traitement des donn\u00e9es, de voix ou vid\u00e9o. Vous pouvez mettre en place plusieurs solutions :\n<\/div>\n<ul>\n<li><strong>Une connectivit\u00e9 de bureau s\u00e9curis\u00e9e<\/strong>\u00a0: Les commutateurs Cisco 350 permettent de connecter entre eux les\u00a0employ\u00e9s\u00a0et \u00e0 tous les p\u00e9riph\u00e9riques qu&rsquo;ils utilisent tels que les serveurs\u00a0et les imprimantes, facilement et en toute s\u00e9curit\u00e9. Une\u00a0<strong>connectivit\u00e9 performante et fiable<\/strong>\u00a0acc\u00e9l\u00e8re le\u00a0transfert des fichiers et le traitement des donn\u00e9es, am\u00e9liore la disponibilit\u00e9 du r\u00e9seau et assure une meilleure productivit\u00e9.<\/li>\n<li><strong>Une connectivit\u00e9 sans fil s\u00e9curis\u00e9e<\/strong>\u00a0: Avec leurs fonctionnalit\u00e9s de s\u00e9curit\u00e9 avanc\u00e9es, Auto Smartports, QoS, VLAN et d&rsquo;autres fonctionnalit\u00e9s de contr\u00f4le d&rsquo;acc\u00e8s, les\u00a0commutateurs Cisco 350 constituent\u00a0<strong>la base id\u00e9ale pour ajouter la technologie sans fil \u00e0 votre\u00a0r\u00e9seau d&rsquo;entreprise<\/strong>.<\/li>\n<li><strong>Des communications unifi\u00e9es<\/strong>\u00a0: Les commutateurs de la gamme Cisco 350 constituent une solution r\u00e9seau\u00a0administrable qui offre les performances et la technologie de traitement du trafic avanc\u00e9e n\u00e9cessaires pour\u00a0<strong>transmettre les communications et les donn\u00e9es sur un seul r\u00e9seau<\/strong>. Les\u00a0commutateurs Cisco 350 ont \u00e9t\u00e9 soumis \u00e0 des tests rigoureux pour garantir leur compatibilit\u00e9 en vue de cr\u00e9er une solution r\u00e9seau compl\u00e8te.<\/li>\n<li><strong>La connectivit\u00e9 ultras\u00e9curis\u00e9e des ordinateurs invit\u00e9s<\/strong>. Les\u00a0<strong>commutateurs Cisco 350\u00a0<\/strong>vous permettent\u00a0d&rsquo;\u00e9tendre en toute s\u00e9curit\u00e9 la connectivit\u00e9 r\u00e9seau aux ordinateurs invit\u00e9s dans diff\u00e9rents endroits et\u00a0lieux ouverts au public. Gr\u00e2ce \u00e0 leurs\u00a0fonctionnalit\u00e9s de segmentation du trafic et de s\u00e9curit\u00e9 puissantes et faciles \u00e0 configurer, vous pouvez i<strong>soler le trafic professionnel vital des services destin\u00e9s aux ordinateurs invit\u00e9s et cloisonner les sessions r\u00e9seau<\/strong>\u00a0\u00a0\u00e0 des fins de confidentialit\u00e9.<\/li>\n<\/ul>\n<\/div>\n","protected":false},"featured_media":0,"template":"","meta":{"ocean_post_layout":"","ocean_both_sidebars_style":"","ocean_both_sidebars_content_width":0,"ocean_both_sidebars_sidebars_width":0,"ocean_sidebar":"0","ocean_second_sidebar":"0","ocean_disable_margins":"enable","ocean_add_body_class":"","ocean_shortcode_before_top_bar":"","ocean_shortcode_after_top_bar":"","ocean_shortcode_before_header":"","ocean_shortcode_after_header":"","ocean_has_shortcode":"","ocean_shortcode_after_title":"","ocean_shortcode_before_footer_widgets":"","ocean_shortcode_after_footer_widgets":"","ocean_shortcode_before_footer_bottom":"","ocean_shortcode_after_footer_bottom":"","ocean_display_top_bar":"default","ocean_display_header":"default","ocean_header_style":"","ocean_center_header_left_menu":"0","ocean_custom_header_template":"0","ocean_custom_logo":0,"ocean_custom_retina_logo":0,"ocean_custom_logo_max_width":0,"ocean_custom_logo_tablet_max_width":0,"ocean_custom_logo_mobile_max_width":0,"ocean_custom_logo_max_height":0,"ocean_custom_logo_tablet_max_height":0,"ocean_custom_logo_mobile_max_height":0,"ocean_header_custom_menu":"0","ocean_menu_typo_font_family":"0","ocean_menu_typo_font_subset":"","ocean_menu_typo_font_size":0,"ocean_menu_typo_font_size_tablet":0,"ocean_menu_typo_font_size_mobile":0,"ocean_menu_typo_font_size_unit":"px","ocean_menu_typo_font_weight":"","ocean_menu_typo_font_weight_tablet":"","ocean_menu_typo_font_weight_mobile":"","ocean_menu_typo_transform":"","ocean_menu_typo_transform_tablet":"","ocean_menu_typo_transform_mobile":"","ocean_menu_typo_line_height":0,"ocean_menu_typo_line_height_tablet":0,"ocean_menu_typo_line_height_mobile":0,"ocean_menu_typo_line_height_unit":"","ocean_menu_typo_spacing":0,"ocean_menu_typo_spacing_tablet":0,"ocean_menu_typo_spacing_mobile":0,"ocean_menu_typo_spacing_unit":"","ocean_menu_link_color":"","ocean_menu_link_color_hover":"","ocean_menu_link_color_active":"","ocean_menu_link_background":"","ocean_menu_link_hover_background":"","ocean_menu_link_active_background":"","ocean_menu_social_links_bg":"","ocean_menu_social_hover_links_bg":"","ocean_menu_social_links_color":"","ocean_menu_social_hover_links_color":"","ocean_disable_title":"default","ocean_disable_heading":"default","ocean_post_title":"","ocean_post_subheading":"","ocean_post_title_style":"","ocean_post_title_background_color":"","ocean_post_title_background":0,"ocean_post_title_bg_image_position":"","ocean_post_title_bg_image_attachment":"","ocean_post_title_bg_image_repeat":"","ocean_post_title_bg_image_size":"","ocean_post_title_height":0,"ocean_post_title_bg_overlay":0.5,"ocean_post_title_bg_overlay_color":"","ocean_disable_breadcrumbs":"default","ocean_breadcrumbs_color":"","ocean_breadcrumbs_separator_color":"","ocean_breadcrumbs_links_color":"","ocean_breadcrumbs_links_hover_color":"","ocean_display_footer_widgets":"default","ocean_display_footer_bottom":"default","ocean_custom_footer_template":"0"},"product_brand":[],"product_cat":[308],"product_tag":[],"class_list":{"0":"post-15333","1":"product","2":"type-product","3":"status-publish","5":"product_cat-serveur","7":"entry","9":"first","10":"instock","11":"taxable","12":"shipping-taxable","13":"purchasable","14":"product-type-simple","15":"has-product-nav","16":"col","17":"span_1_of_3","18":"owp-content-center","19":"owp-thumbs-layout-horizontal","20":"owp-btn-normal","21":"owp-tabs-layout-horizontal","22":"has-no-thumbnails"},"aioseo_notices":[],"_links":{"self":[{"href":"https:\/\/sri.re\/boutique\/wp-json\/wp\/v2\/product\/15333","targetHints":{"allow":["GET"]}}],"collection":[{"href":"https:\/\/sri.re\/boutique\/wp-json\/wp\/v2\/product"}],"about":[{"href":"https:\/\/sri.re\/boutique\/wp-json\/wp\/v2\/types\/product"}],"version-history":[{"count":1,"href":"https:\/\/sri.re\/boutique\/wp-json\/wp\/v2\/product\/15333\/revisions"}],"predecessor-version":[{"id":15336,"href":"https:\/\/sri.re\/boutique\/wp-json\/wp\/v2\/product\/15333\/revisions\/15336"}],"wp:attachment":[{"href":"https:\/\/sri.re\/boutique\/wp-json\/wp\/v2\/media?parent=15333"}],"wp:term":[{"taxonomy":"product_brand","embeddable":true,"href":"https:\/\/sri.re\/boutique\/wp-json\/wp\/v2\/product_brand?post=15333"},{"taxonomy":"product_cat","embeddable":true,"href":"https:\/\/sri.re\/boutique\/wp-json\/wp\/v2\/product_cat?post=15333"},{"taxonomy":"product_tag","embeddable":true,"href":"https:\/\/sri.re\/boutique\/wp-json\/wp\/v2\/product_tag?post=15333"}],"curies":[{"name":"wp","href":"https:\/\/api.w.org\/{rel}","templated":true}]}}