{"id":24108,"date":"2021-06-30T08:41:56","date_gmt":"2021-06-30T04:41:56","guid":{"rendered":"http:\/\/sri.re\/boutique\/?post_type=product&#038;p=24108"},"modified":"2024-01-26T11:14:26","modified_gmt":"2024-01-26T07:14:26","slug":"hp-probook-470-g7-256-go-ssd-pc-portable-17","status":"publish","type":"product","link":"https:\/\/sri.re\/boutique\/boutique\/hp-probook-470-g7-256-go-ssd-pc-portable-17\/","title":{"rendered":"HP PROBOOK 470 G7 256 Go SSD (Pc portable 17&Prime;)"},"content":{"rendered":"<h2 class=\"longDgn\">Intel Core i3-10110U 8 Go SSD 256 Go 17.3&Prime; LED Full HD AMD Radeon 530 Wi-Fi 6 AX\/Bluetooth Webcam Windows 10 Professionnel 64 bits<\/h2>\n<ul>\n<li>Processeur<strong>\u00a0Intel Core i3-10110U\u00a0<\/strong>(Dual-Core 2.1 GHz \/ 4.1 GHz Turbo &#8211; Cache 4 Mo &#8211; TDP 15W)<\/li>\n<li><strong>8 Go de m\u00e9moire DDR4<\/strong>\u00a02666 MHz (1 x 8 Go &#8211; 2 slots &#8211; maximum 16 Go)<\/li>\n<li><strong>Ecran de 17.3&Prime; anti-reflets<\/strong>\u00a0avec r\u00e9solution\u00a0<strong>Full\u00a0HD<\/strong><\/li>\n<li>Carte graphique\u00a0<strong>AMD Radeon 530 2 Go GDDR5<\/strong><\/li>\n<li>Fonctionnement fluide et rapide avec un\u00a0<strong>SSD M.2 PCIe de 256 Go<\/strong><\/li>\n<li>Communication sans fil\u00a0<strong>Wi-Fi 6 AX\u00a0<\/strong>+\u00a0<strong>Bluetooth 5.0<\/strong><\/li>\n<li>Clavier chiclet r\u00e9sistant aux \u00e9claboussures<\/li>\n<li><strong>Sortie HDMI<\/strong>, pour la connexion \u00e0 un t\u00e9l\u00e9viseur HD<\/li>\n<li><strong>Windows 10 Professionnel 64 bits<\/strong><\/li>\n<\/ul>\n","protected":false},"excerpt":{"rendered":"<p>Intel Core i3-10110U 8 Go SSD 256 Go 17.3&Prime; LED Full HD AMD Radeon 530 Wi-Fi 6 AX\/Bluetooth Webcam Windows 10 Professionnel 64 bits Processeur\u00a0Intel Core i3-10110U\u00a0(Dual-Core 2.1 GHz \/ 4.1 GHz Turbo &#8211; Cache 4 Mo &#8211; TDP 15W) 8 Go de m\u00e9moire DDR4\u00a02666 MHz (1 x 8 Go &#8211; 2 slots &#8211; maximum [&hellip;]<\/p>\n","protected":false},"featured_media":0,"template":"","meta":{"ocean_post_layout":"","ocean_both_sidebars_style":"","ocean_both_sidebars_content_width":0,"ocean_both_sidebars_sidebars_width":0,"ocean_sidebar":"0","ocean_second_sidebar":"0","ocean_disable_margins":"enable","ocean_add_body_class":"","ocean_shortcode_before_top_bar":"","ocean_shortcode_after_top_bar":"","ocean_shortcode_before_header":"","ocean_shortcode_after_header":"","ocean_has_shortcode":"","ocean_shortcode_after_title":"","ocean_shortcode_before_footer_widgets":"","ocean_shortcode_after_footer_widgets":"","ocean_shortcode_before_footer_bottom":"","ocean_shortcode_after_footer_bottom":"","ocean_display_top_bar":"default","ocean_display_header":"default","ocean_header_style":"","ocean_center_header_left_menu":"0","ocean_custom_header_template":"0","ocean_custom_logo":0,"ocean_custom_retina_logo":0,"ocean_custom_logo_max_width":0,"ocean_custom_logo_tablet_max_width":0,"ocean_custom_logo_mobile_max_width":0,"ocean_custom_logo_max_height":0,"ocean_custom_logo_tablet_max_height":0,"ocean_custom_logo_mobile_max_height":0,"ocean_header_custom_menu":"0","ocean_menu_typo_font_family":"0","ocean_menu_typo_font_subset":"","ocean_menu_typo_font_size":0,"ocean_menu_typo_font_size_tablet":0,"ocean_menu_typo_font_size_mobile":0,"ocean_menu_typo_font_size_unit":"px","ocean_menu_typo_font_weight":"","ocean_menu_typo_font_weight_tablet":"","ocean_menu_typo_font_weight_mobile":"","ocean_menu_typo_transform":"","ocean_menu_typo_transform_tablet":"","ocean_menu_typo_transform_mobile":"","ocean_menu_typo_line_height":0,"ocean_menu_typo_line_height_tablet":0,"ocean_menu_typo_line_height_mobile":0,"ocean_menu_typo_line_height_unit":"","ocean_menu_typo_spacing":0,"ocean_menu_typo_spacing_tablet":0,"ocean_menu_typo_spacing_mobile":0,"ocean_menu_typo_spacing_unit":"","ocean_menu_link_color":"","ocean_menu_link_color_hover":"","ocean_menu_link_color_active":"","ocean_menu_link_background":"","ocean_menu_link_hover_background":"","ocean_menu_link_active_background":"","ocean_menu_social_links_bg":"","ocean_menu_social_hover_links_bg":"","ocean_menu_social_links_color":"","ocean_menu_social_hover_links_color":"","ocean_disable_title":"default","ocean_disable_heading":"default","ocean_post_title":"","ocean_post_subheading":"","ocean_post_title_style":"","ocean_post_title_background_color":"","ocean_post_title_background":0,"ocean_post_title_bg_image_position":"","ocean_post_title_bg_image_attachment":"","ocean_post_title_bg_image_repeat":"","ocean_post_title_bg_image_size":"","ocean_post_title_height":0,"ocean_post_title_bg_overlay":0.5,"ocean_post_title_bg_overlay_color":"","ocean_disable_breadcrumbs":"default","ocean_breadcrumbs_color":"","ocean_breadcrumbs_separator_color":"","ocean_breadcrumbs_links_color":"","ocean_breadcrumbs_links_hover_color":"","ocean_display_footer_widgets":"default","ocean_display_footer_bottom":"default","ocean_custom_footer_template":"0"},"product_brand":[],"product_cat":[109],"product_tag":[],"class_list":{"0":"post-24108","1":"product","2":"type-product","3":"status-publish","5":"product_cat-uncategorized","7":"entry","9":"first","10":"instock","11":"taxable","12":"shipping-taxable","13":"purchasable","14":"product-type-simple","15":"has-product-nav","16":"col","17":"span_1_of_3","18":"owp-content-center","19":"owp-thumbs-layout-horizontal","20":"owp-btn-normal","21":"owp-tabs-layout-horizontal","22":"has-no-thumbnails"},"aioseo_notices":[],"_links":{"self":[{"href":"https:\/\/sri.re\/boutique\/wp-json\/wp\/v2\/product\/24108","targetHints":{"allow":["GET"]}}],"collection":[{"href":"https:\/\/sri.re\/boutique\/wp-json\/wp\/v2\/product"}],"about":[{"href":"https:\/\/sri.re\/boutique\/wp-json\/wp\/v2\/types\/product"}],"version-history":[{"count":2,"href":"https:\/\/sri.re\/boutique\/wp-json\/wp\/v2\/product\/24108\/revisions"}],"predecessor-version":[{"id":24113,"href":"https:\/\/sri.re\/boutique\/wp-json\/wp\/v2\/product\/24108\/revisions\/24113"}],"wp:attachment":[{"href":"https:\/\/sri.re\/boutique\/wp-json\/wp\/v2\/media?parent=24108"}],"wp:term":[{"taxonomy":"product_brand","embeddable":true,"href":"https:\/\/sri.re\/boutique\/wp-json\/wp\/v2\/product_brand?post=24108"},{"taxonomy":"product_cat","embeddable":true,"href":"https:\/\/sri.re\/boutique\/wp-json\/wp\/v2\/product_cat?post=24108"},{"taxonomy":"product_tag","embeddable":true,"href":"https:\/\/sri.re\/boutique\/wp-json\/wp\/v2\/product_tag?post=24108"}],"curies":[{"name":"wp","href":"https:\/\/api.w.org\/{rel}","templated":true}]}}