{"id":42644,"date":"2024-01-24T10:34:34","date_gmt":"2024-01-24T06:34:34","guid":{"rendered":"https:\/\/sri.re\/boutique\/?post_type=product&#038;p=42644"},"modified":"2024-01-26T11:14:36","modified_gmt":"2024-01-26T07:14:36","slug":"asus-vivobook-17-processeur-intel-core-i5-1235u-8-go-de-memoire-ddr4-ecran-de-17-3-pouces-anti-reflets-avec-resolution-full-hd-1920-x-1080-ssd-m-2-pcie-3-0-de-512-go-communication-sans-fil-wi-fi-6","status":"publish","type":"product","link":"https:\/\/sri.re\/boutique\/boutique\/asus-vivobook-17-processeur-intel-core-i5-1235u-8-go-de-memoire-ddr4-ecran-de-17-3-pouces-anti-reflets-avec-resolution-full-hd-1920-x-1080-ssd-m-2-pcie-3-0-de-512-go-communication-sans-fil-wi-fi-6\/","title":{"rendered":"ASUS VIVOBOOK 17.  Processeur Intel Core i5-1235U 8 Go de m\u00e9moire DDR4 \u00c9cran de 17.3 pouces anti-reflets avec r\u00e9solution Full HD (1920 x 1080) SSD M.2 PCIe 3.0 de 512 Go Communication sans fil Wi-Fi 6 + Bluetooth 5.0 1 port USB 3.1 Type C + 1 port USB 3.1 pour des transferts haut d\u00e9bit Webcam avec cache int\u00e9gr\u00e9 Syst\u00e8me d&rsquo;exploitation Windows 11 Professionnel 64 bits"},"content":{"rendered":"","protected":false},"excerpt":{"rendered":"","protected":false},"featured_media":0,"template":"","meta":{"ocean_post_layout":"","ocean_both_sidebars_style":"","ocean_both_sidebars_content_width":0,"ocean_both_sidebars_sidebars_width":0,"ocean_sidebar":"0","ocean_second_sidebar":"0","ocean_disable_margins":"enable","ocean_add_body_class":"","ocean_shortcode_before_top_bar":"","ocean_shortcode_after_top_bar":"","ocean_shortcode_before_header":"","ocean_shortcode_after_header":"","ocean_has_shortcode":"","ocean_shortcode_after_title":"","ocean_shortcode_before_footer_widgets":"","ocean_shortcode_after_footer_widgets":"","ocean_shortcode_before_footer_bottom":"","ocean_shortcode_after_footer_bottom":"","ocean_display_top_bar":"default","ocean_display_header":"default","ocean_header_style":"","ocean_center_header_left_menu":"0","ocean_custom_header_template":"0","ocean_custom_logo":0,"ocean_custom_retina_logo":0,"ocean_custom_logo_max_width":0,"ocean_custom_logo_tablet_max_width":0,"ocean_custom_logo_mobile_max_width":0,"ocean_custom_logo_max_height":0,"ocean_custom_logo_tablet_max_height":0,"ocean_custom_logo_mobile_max_height":0,"ocean_header_custom_menu":"0","ocean_menu_typo_font_family":"0","ocean_menu_typo_font_subset":"","ocean_menu_typo_font_size":0,"ocean_menu_typo_font_size_tablet":0,"ocean_menu_typo_font_size_mobile":0,"ocean_menu_typo_font_size_unit":"px","ocean_menu_typo_font_weight":"","ocean_menu_typo_font_weight_tablet":"","ocean_menu_typo_font_weight_mobile":"","ocean_menu_typo_transform":"","ocean_menu_typo_transform_tablet":"","ocean_menu_typo_transform_mobile":"","ocean_menu_typo_line_height":0,"ocean_menu_typo_line_height_tablet":0,"ocean_menu_typo_line_height_mobile":0,"ocean_menu_typo_line_height_unit":"","ocean_menu_typo_spacing":0,"ocean_menu_typo_spacing_tablet":0,"ocean_menu_typo_spacing_mobile":0,"ocean_menu_typo_spacing_unit":"","ocean_menu_link_color":"","ocean_menu_link_color_hover":"","ocean_menu_link_color_active":"","ocean_menu_link_background":"","ocean_menu_link_hover_background":"","ocean_menu_link_active_background":"","ocean_menu_social_links_bg":"","ocean_menu_social_hover_links_bg":"","ocean_menu_social_links_color":"","ocean_menu_social_hover_links_color":"","ocean_disable_title":"default","ocean_disable_heading":"default","ocean_post_title":"","ocean_post_subheading":"","ocean_post_title_style":"","ocean_post_title_background_color":"","ocean_post_title_background":0,"ocean_post_title_bg_image_position":"","ocean_post_title_bg_image_attachment":"","ocean_post_title_bg_image_repeat":"","ocean_post_title_bg_image_size":"","ocean_post_title_height":0,"ocean_post_title_bg_overlay":0.5,"ocean_post_title_bg_overlay_color":"","ocean_disable_breadcrumbs":"default","ocean_breadcrumbs_color":"","ocean_breadcrumbs_separator_color":"","ocean_breadcrumbs_links_color":"","ocean_breadcrumbs_links_hover_color":"","ocean_display_footer_widgets":"default","ocean_display_footer_bottom":"default","ocean_custom_footer_template":"0"},"product_brand":[],"product_cat":[109],"product_tag":[],"class_list":{"0":"post-42644","1":"product","2":"type-product","3":"status-publish","5":"product_cat-uncategorized","7":"entry","9":"first","10":"instock","11":"taxable","12":"shipping-taxable","13":"purchasable","14":"product-type-simple","15":"has-product-nav","16":"col","17":"span_1_of_3","18":"owp-content-center","19":"owp-thumbs-layout-horizontal","20":"owp-btn-normal","21":"owp-tabs-layout-horizontal","22":"has-no-thumbnails"},"aioseo_notices":[],"_links":{"self":[{"href":"https:\/\/sri.re\/boutique\/wp-json\/wp\/v2\/product\/42644","targetHints":{"allow":["GET"]}}],"collection":[{"href":"https:\/\/sri.re\/boutique\/wp-json\/wp\/v2\/product"}],"about":[{"href":"https:\/\/sri.re\/boutique\/wp-json\/wp\/v2\/types\/product"}],"version-history":[{"count":1,"href":"https:\/\/sri.re\/boutique\/wp-json\/wp\/v2\/product\/42644\/revisions"}],"predecessor-version":[{"id":42645,"href":"https:\/\/sri.re\/boutique\/wp-json\/wp\/v2\/product\/42644\/revisions\/42645"}],"wp:attachment":[{"href":"https:\/\/sri.re\/boutique\/wp-json\/wp\/v2\/media?parent=42644"}],"wp:term":[{"taxonomy":"product_brand","embeddable":true,"href":"https:\/\/sri.re\/boutique\/wp-json\/wp\/v2\/product_brand?post=42644"},{"taxonomy":"product_cat","embeddable":true,"href":"https:\/\/sri.re\/boutique\/wp-json\/wp\/v2\/product_cat?post=42644"},{"taxonomy":"product_tag","embeddable":true,"href":"https:\/\/sri.re\/boutique\/wp-json\/wp\/v2\/product_tag?post=42644"}],"curies":[{"name":"wp","href":"https:\/\/api.w.org\/{rel}","templated":true}]}}