{"id":7816,"date":"2018-04-04T08:10:17","date_gmt":"2018-04-04T06:10:17","guid":{"rendered":"http:\/\/sri.re\/boutique\/?post_type=product&#038;p=7816"},"modified":"2024-01-26T11:13:45","modified_gmt":"2024-01-26T07:13:45","slug":"location-smartcaisse-12-mois","status":"publish","type":"product","link":"https:\/\/sri.re\/boutique\/boutique\/location-smartcaisse-12-mois\/","title":{"rendered":"Location Smartcaisse 12 mois"},"content":{"rendered":"<ul class=\"list-3\">\n<li>Gestion jusque 8 vendeurs.<\/li>\n<li>Compatible t\u00e9l\u00e9commande prise de commande Android et Apple<\/li>\n<li>Suivi du chiffre \u00e0 distance sur smartphone<\/li>\n<li>Plus de 700 produits param\u00e9trables par touches<\/li>\n<li>Lecture code-barres jusque 85000 produits<\/li>\n<li>3 touches tarifs variables (une par taxe)<\/li>\n<li>Gestion des d\u00e9bours<\/li>\n<li>Gestion des fonds de caisse<\/li>\n<li>Mode formation<\/li>\n<li>Mode remboursement ou annulation de tickets<\/li>\n<li>Gestion des titres restaurants (manuelle et par scan)<\/li>\n<li>X et Z financier d\u00e9taill\u00e9<\/li>\n<li>Journal de caisse<\/li>\n<li>Statistiques au format Excel<\/li>\n<li>Gestion des livraisons avec d\u00e9tection d&rsquo;appel t\u00e9l\u00e9phonique<\/li>\n<li>etc..<\/li>\n<\/ul>\n","protected":false},"excerpt":{"rendered":"<p>Gestion jusque 8 vendeurs. Compatible t\u00e9l\u00e9commande prise de commande Android et Apple Suivi du chiffre \u00e0 distance sur smartphone Plus de 700 produits param\u00e9trables par touches Lecture code-barres jusque 85000 produits 3 touches tarifs variables (une par taxe) Gestion des d\u00e9bours Gestion des fonds de caisse Mode formation Mode remboursement ou annulation de tickets Gestion [&hellip;]<\/p>\n","protected":false},"featured_media":0,"template":"","meta":{"ocean_post_layout":"","ocean_both_sidebars_style":"","ocean_both_sidebars_content_width":0,"ocean_both_sidebars_sidebars_width":0,"ocean_sidebar":"0","ocean_second_sidebar":"0","ocean_disable_margins":"enable","ocean_add_body_class":"","ocean_shortcode_before_top_bar":"","ocean_shortcode_after_top_bar":"","ocean_shortcode_before_header":"","ocean_shortcode_after_header":"","ocean_has_shortcode":"","ocean_shortcode_after_title":"","ocean_shortcode_before_footer_widgets":"","ocean_shortcode_after_footer_widgets":"","ocean_shortcode_before_footer_bottom":"","ocean_shortcode_after_footer_bottom":"","ocean_display_top_bar":"default","ocean_display_header":"default","ocean_header_style":"","ocean_center_header_left_menu":"0","ocean_custom_header_template":"0","ocean_custom_logo":0,"ocean_custom_retina_logo":0,"ocean_custom_logo_max_width":0,"ocean_custom_logo_tablet_max_width":0,"ocean_custom_logo_mobile_max_width":0,"ocean_custom_logo_max_height":0,"ocean_custom_logo_tablet_max_height":0,"ocean_custom_logo_mobile_max_height":0,"ocean_header_custom_menu":"0","ocean_menu_typo_font_family":"0","ocean_menu_typo_font_subset":"","ocean_menu_typo_font_size":0,"ocean_menu_typo_font_size_tablet":0,"ocean_menu_typo_font_size_mobile":0,"ocean_menu_typo_font_size_unit":"px","ocean_menu_typo_font_weight":"","ocean_menu_typo_font_weight_tablet":"","ocean_menu_typo_font_weight_mobile":"","ocean_menu_typo_transform":"","ocean_menu_typo_transform_tablet":"","ocean_menu_typo_transform_mobile":"","ocean_menu_typo_line_height":0,"ocean_menu_typo_line_height_tablet":0,"ocean_menu_typo_line_height_mobile":0,"ocean_menu_typo_line_height_unit":"","ocean_menu_typo_spacing":0,"ocean_menu_typo_spacing_tablet":0,"ocean_menu_typo_spacing_mobile":0,"ocean_menu_typo_spacing_unit":"","ocean_menu_link_color":"","ocean_menu_link_color_hover":"","ocean_menu_link_color_active":"","ocean_menu_link_background":"","ocean_menu_link_hover_background":"","ocean_menu_link_active_background":"","ocean_menu_social_links_bg":"","ocean_menu_social_hover_links_bg":"","ocean_menu_social_links_color":"","ocean_menu_social_hover_links_color":"","ocean_disable_title":"default","ocean_disable_heading":"default","ocean_post_title":"","ocean_post_subheading":"","ocean_post_title_style":"","ocean_post_title_background_color":"","ocean_post_title_background":0,"ocean_post_title_bg_image_position":"","ocean_post_title_bg_image_attachment":"","ocean_post_title_bg_image_repeat":"","ocean_post_title_bg_image_size":"","ocean_post_title_height":0,"ocean_post_title_bg_overlay":0.5,"ocean_post_title_bg_overlay_color":"","ocean_disable_breadcrumbs":"default","ocean_breadcrumbs_color":"","ocean_breadcrumbs_separator_color":"","ocean_breadcrumbs_links_color":"","ocean_breadcrumbs_links_hover_color":"","ocean_display_footer_widgets":"default","ocean_display_footer_bottom":"default","ocean_custom_footer_template":""},"product_brand":[],"product_cat":[109],"product_tag":[],"class_list":{"0":"post-7816","1":"product","2":"type-product","3":"status-publish","5":"product_cat-uncategorized","7":"entry","9":"first","10":"instock","11":"taxable","12":"shipping-taxable","13":"purchasable","14":"product-type-simple","15":"has-product-nav","16":"col","17":"span_1_of_3","18":"owp-content-center","19":"owp-thumbs-layout-horizontal","20":"owp-btn-normal","21":"owp-tabs-layout-horizontal","22":"has-no-thumbnails"},"aioseo_notices":[],"_links":{"self":[{"href":"https:\/\/sri.re\/boutique\/wp-json\/wp\/v2\/product\/7816","targetHints":{"allow":["GET"]}}],"collection":[{"href":"https:\/\/sri.re\/boutique\/wp-json\/wp\/v2\/product"}],"about":[{"href":"https:\/\/sri.re\/boutique\/wp-json\/wp\/v2\/types\/product"}],"version-history":[{"count":1,"href":"https:\/\/sri.re\/boutique\/wp-json\/wp\/v2\/product\/7816\/revisions"}],"predecessor-version":[{"id":7818,"href":"https:\/\/sri.re\/boutique\/wp-json\/wp\/v2\/product\/7816\/revisions\/7818"}],"wp:attachment":[{"href":"https:\/\/sri.re\/boutique\/wp-json\/wp\/v2\/media?parent=7816"}],"wp:term":[{"taxonomy":"product_brand","embeddable":true,"href":"https:\/\/sri.re\/boutique\/wp-json\/wp\/v2\/product_brand?post=7816"},{"taxonomy":"product_cat","embeddable":true,"href":"https:\/\/sri.re\/boutique\/wp-json\/wp\/v2\/product_cat?post=7816"},{"taxonomy":"product_tag","embeddable":true,"href":"https:\/\/sri.re\/boutique\/wp-json\/wp\/v2\/product_tag?post=7816"}],"curies":[{"name":"wp","href":"https:\/\/api.w.org\/{rel}","templated":true}]}}